{"id":2362,"date":"2023-10-12T12:38:29","date_gmt":"2023-10-12T10:38:29","guid":{"rendered":"https:\/\/lariojahoteles.com\/pagina-de-muestra\/"},"modified":"2023-11-01T15:48:21","modified_gmt":"2023-11-01T14:48:21","slug":"pagina-de-muestra","status":"publish","type":"page","link":"https:\/\/lariojahoteles.com\/es\/pagina-de-muestra\/","title":{"rendered":"P\u00e1gina de muestra"},"content":{"rendered":"\n<p>Esta es una p\u00e1gina de ejemplo. Es diferente de una entrada de blog porque permanecer\u00e1 en un lugar y se mostrar\u00e1 en la navegaci\u00f3n de su sitio (en la mayor\u00eda de los temas). La mayor\u00eda de la gente empieza con una p\u00e1gina Acerca de que les presenta a los visitantes potenciales del sitio. Podr\u00eda decir algo as\u00ed:<\/p>\n\n<blockquote class=\"wp-block-quote is-layout-flow wp-block-quote-is-layout-flow\"><p>\u00a1Hola! Soy mensajero en bicicleta de d\u00eda, aspirante a actor de noche, y este es mi sitio web. Vivo en Los \u00c1ngeles, tengo un perro estupendo que se llama Jack y me gustan las pi\u00f1as coladas. (Y quedar atrapado en la lluvia.)<\/p><\/blockquote>\n\n<p>&#8230;o algo as\u00ed:<\/p>\n\n<blockquote class=\"wp-block-quote is-layout-flow wp-block-quote-is-layout-flow\"><p>XYZ Doohickey Company se fund\u00f3 en 1971 y, desde entonces, suministra doohickeys de calidad al p\u00fablico. Situada en Gotham City, XYZ emplea a m\u00e1s de 2.000 personas y hace todo tipo de cosas incre\u00edbles por la comunidad de Gotham.<\/p><\/blockquote>\n\n<p>Como nuevo usuario de WordPress, debe ir a <a href=\"https:\/\/lariojahoteles.com\/wp-admin\/\">su panel de control<\/a> para eliminar esta p\u00e1gina y crear nuevas p\u00e1ginas para su contenido. \u00a1Que te diviertas!<\/p>\n","protected":false},"excerpt":{"rendered":"<p>Esta es una p\u00e1gina de ejemplo. Es diferente de una entrada de blog porque permanecer\u00e1 en un lugar y se mostrar\u00e1 en la navegaci\u00f3n de su sitio (en la mayor\u00eda de los temas). La mayor\u00eda de la gente empieza con una p\u00e1gina Acerca de que les presenta a los visitantes potenciales del sitio. Podr\u00eda decir &hellip;<\/p>\n<p class=\"read-more\"> <a class=\"\" href=\"https:\/\/lariojahoteles.com\/es\/pagina-de-muestra\/\"> <span class=\"screen-reader-text\">P\u00e1gina de muestra<\/span> Leer m\u00e1s \u00bb<\/a><\/p>\n","protected":false},"author":1,"featured_media":0,"parent":0,"menu_order":0,"comment_status":"closed","ping_status":"open","template":"","meta":{"_uag_custom_page_level_css":"","site-sidebar-layout":"default","site-content-layout":"","ast-site-content-layout":"","site-content-style":"default","site-sidebar-style":"default","ast-global-header-display":"","ast-banner-title-visibility":"","ast-main-header-display":"","ast-hfb-above-header-display":"","ast-hfb-below-header-display":"","ast-hfb-mobile-header-display":"","site-post-title":"","ast-breadcrumbs-content":"","ast-featured-img":"","footer-sml-layout":"","theme-transparent-header-meta":"","adv-header-id-meta":"","stick-header-meta":"","header-above-stick-meta":"","header-main-stick-meta":"","header-below-stick-meta":"","astra-migrate-meta-layouts":"","footnotes":""},"class_list":["post-2362","page","type-page","status-publish","hentry"],"yoast_head":"<!-- This site is optimized with the Yoast SEO plugin v21.5 - https:\/\/yoast.com\/wordpress\/plugins\/seo\/ -->\n<title>P\u00e1gina de muestra - La Rioja Hotels<\/title>\n<meta name=\"robots\" content=\"index, follow, max-snippet:-1, max-image-preview:large, max-video-preview:-1\" \/>\n<link rel=\"canonical\" href=\"https:\/\/lariojahoteles.com\/es\/pagina-de-muestra\/\" \/>\n<meta property=\"og:locale\" content=\"es_ES\" \/>\n<meta property=\"og:type\" content=\"article\" \/>\n<meta property=\"og:title\" content=\"P\u00e1gina de muestra - La Rioja Hotels\" \/>\n<meta property=\"og:description\" content=\"Esta es una p\u00e1gina de ejemplo. Es diferente de una entrada de blog porque permanecer\u00e1 en un lugar y se mostrar\u00e1 en la navegaci\u00f3n de su sitio (en la mayor\u00eda de los temas). La mayor\u00eda de la gente empieza con una p\u00e1gina Acerca de que les presenta a los visitantes potenciales del sitio. Podr\u00eda decir &hellip; P\u00e1gina de muestra Leer m\u00e1s \u00bb\" \/>\n<meta property=\"og:url\" content=\"https:\/\/lariojahoteles.com\/es\/pagina-de-muestra\/\" \/>\n<meta property=\"og:site_name\" content=\"La Rioja Hotels\" \/>\n<meta property=\"article:modified_time\" content=\"2023-11-01T14:48:21+00:00\" \/>\n<meta name=\"twitter:card\" content=\"summary_large_image\" \/>\n<meta name=\"twitter:label1\" content=\"Tiempo de lectura\" \/>\n\t<meta name=\"twitter:data1\" content=\"1 minuto\" \/>\n<script type=\"application\/ld+json\" class=\"yoast-schema-graph\">{\"@context\":\"https:\/\/schema.org\",\"@graph\":[{\"@type\":\"WebPage\",\"@id\":\"https:\/\/lariojahoteles.com\/es\/pagina-de-muestra\/\",\"url\":\"https:\/\/lariojahoteles.com\/es\/pagina-de-muestra\/\",\"name\":\"P\u00e1gina de muestra - La Rioja Hotels\",\"isPartOf\":{\"@id\":\"https:\/\/lariojahoteles.com\/es\/#website\"},\"datePublished\":\"2023-10-12T10:38:29+00:00\",\"dateModified\":\"2023-11-01T14:48:21+00:00\",\"breadcrumb\":{\"@id\":\"https:\/\/lariojahoteles.com\/es\/pagina-de-muestra\/#breadcrumb\"},\"inLanguage\":\"es\",\"potentialAction\":[{\"@type\":\"ReadAction\",\"target\":[\"https:\/\/lariojahoteles.com\/es\/pagina-de-muestra\/\"]}]},{\"@type\":\"BreadcrumbList\",\"@id\":\"https:\/\/lariojahoteles.com\/es\/pagina-de-muestra\/#breadcrumb\",\"itemListElement\":[{\"@type\":\"ListItem\",\"position\":1,\"name\":\"Home\",\"item\":\"https:\/\/lariojahoteles.com\/es\/\"},{\"@type\":\"ListItem\",\"position\":2,\"name\":\"P\u00e1gina de muestra\"}]},{\"@type\":\"WebSite\",\"@id\":\"https:\/\/lariojahoteles.com\/es\/#website\",\"url\":\"https:\/\/lariojahoteles.com\/es\/\",\"name\":\"La Rioja Hotels\",\"description\":\"\",\"publisher\":{\"@id\":\"https:\/\/lariojahoteles.com\/es\/#organization\"},\"potentialAction\":[{\"@type\":\"SearchAction\",\"target\":{\"@type\":\"EntryPoint\",\"urlTemplate\":\"https:\/\/lariojahoteles.com\/es\/?s={search_term_string}\"},\"query-input\":\"required name=search_term_string\"}],\"inLanguage\":\"es\"},{\"@type\":\"Organization\",\"@id\":\"https:\/\/lariojahoteles.com\/es\/#organization\",\"name\":\"La Rioja Hotels\",\"url\":\"https:\/\/lariojahoteles.com\/es\/\",\"logo\":{\"@type\":\"ImageObject\",\"inLanguage\":\"es\",\"@id\":\"https:\/\/lariojahoteles.com\/es\/#\/schema\/logo\/image\/\",\"url\":\"https:\/\/lariojahoteles.com\/wp-content\/uploads\/2023\/10\/hotel-icon.png\",\"contentUrl\":\"https:\/\/lariojahoteles.com\/wp-content\/uploads\/2023\/10\/hotel-icon.png\",\"width\":349,\"height\":420,\"caption\":\"La Rioja Hotels\"},\"image\":{\"@id\":\"https:\/\/lariojahoteles.com\/es\/#\/schema\/logo\/image\/\"}}]}<\/script>\n<!-- \/ Yoast SEO plugin. -->","yoast_head_json":{"title":"P\u00e1gina de muestra - La Rioja Hotels","robots":{"index":"index","follow":"follow","max-snippet":"max-snippet:-1","max-image-preview":"max-image-preview:large","max-video-preview":"max-video-preview:-1"},"canonical":"https:\/\/lariojahoteles.com\/es\/pagina-de-muestra\/","og_locale":"es_ES","og_type":"article","og_title":"P\u00e1gina de muestra - La Rioja Hotels","og_description":"Esta es una p\u00e1gina de ejemplo. Es diferente de una entrada de blog porque permanecer\u00e1 en un lugar y se mostrar\u00e1 en la navegaci\u00f3n de su sitio (en la mayor\u00eda de los temas). La mayor\u00eda de la gente empieza con una p\u00e1gina Acerca de que les presenta a los visitantes potenciales del sitio. Podr\u00eda decir &hellip; P\u00e1gina de muestra Leer m\u00e1s \u00bb","og_url":"https:\/\/lariojahoteles.com\/es\/pagina-de-muestra\/","og_site_name":"La Rioja Hotels","article_modified_time":"2023-11-01T14:48:21+00:00","twitter_card":"summary_large_image","twitter_misc":{"Tiempo de lectura":"1 minuto"},"schema":{"@context":"https:\/\/schema.org","@graph":[{"@type":"WebPage","@id":"https:\/\/lariojahoteles.com\/es\/pagina-de-muestra\/","url":"https:\/\/lariojahoteles.com\/es\/pagina-de-muestra\/","name":"P\u00e1gina de muestra - La Rioja Hotels","isPartOf":{"@id":"https:\/\/lariojahoteles.com\/es\/#website"},"datePublished":"2023-10-12T10:38:29+00:00","dateModified":"2023-11-01T14:48:21+00:00","breadcrumb":{"@id":"https:\/\/lariojahoteles.com\/es\/pagina-de-muestra\/#breadcrumb"},"inLanguage":"es","potentialAction":[{"@type":"ReadAction","target":["https:\/\/lariojahoteles.com\/es\/pagina-de-muestra\/"]}]},{"@type":"BreadcrumbList","@id":"https:\/\/lariojahoteles.com\/es\/pagina-de-muestra\/#breadcrumb","itemListElement":[{"@type":"ListItem","position":1,"name":"Home","item":"https:\/\/lariojahoteles.com\/es\/"},{"@type":"ListItem","position":2,"name":"P\u00e1gina de muestra"}]},{"@type":"WebSite","@id":"https:\/\/lariojahoteles.com\/es\/#website","url":"https:\/\/lariojahoteles.com\/es\/","name":"La Rioja Hotels","description":"","publisher":{"@id":"https:\/\/lariojahoteles.com\/es\/#organization"},"potentialAction":[{"@type":"SearchAction","target":{"@type":"EntryPoint","urlTemplate":"https:\/\/lariojahoteles.com\/es\/?s={search_term_string}"},"query-input":"required name=search_term_string"}],"inLanguage":"es"},{"@type":"Organization","@id":"https:\/\/lariojahoteles.com\/es\/#organization","name":"La Rioja Hotels","url":"https:\/\/lariojahoteles.com\/es\/","logo":{"@type":"ImageObject","inLanguage":"es","@id":"https:\/\/lariojahoteles.com\/es\/#\/schema\/logo\/image\/","url":"https:\/\/lariojahoteles.com\/wp-content\/uploads\/2023\/10\/hotel-icon.png","contentUrl":"https:\/\/lariojahoteles.com\/wp-content\/uploads\/2023\/10\/hotel-icon.png","width":349,"height":420,"caption":"La Rioja Hotels"},"image":{"@id":"https:\/\/lariojahoteles.com\/es\/#\/schema\/logo\/image\/"}}]}},"uagb_featured_image_src":{"full":false,"thumbnail":false,"medium":false,"medium_large":false,"large":false,"1536x1536":false,"2048x2048":false},"uagb_author_info":{"display_name":"admin","author_link":"https:\/\/lariojahoteles.com\/es\/author\/lariojahoteles\/"},"uagb_comment_info":0,"uagb_excerpt":"Esta es una p\u00e1gina de ejemplo. Es diferente de una entrada de blog porque permanecer\u00e1 en un lugar y se mostrar\u00e1 en la navegaci\u00f3n de su sitio (en la mayor\u00eda de los temas). La mayor\u00eda de la gente empieza con una p\u00e1gina Acerca de que les presenta a los visitantes potenciales del sitio. Podr\u00eda decir&hellip;","_links":{"self":[{"href":"https:\/\/lariojahoteles.com\/es\/wp-json\/wp\/v2\/pages\/2362","targetHints":{"allow":["GET"]}}],"collection":[{"href":"https:\/\/lariojahoteles.com\/es\/wp-json\/wp\/v2\/pages"}],"about":[{"href":"https:\/\/lariojahoteles.com\/es\/wp-json\/wp\/v2\/types\/page"}],"author":[{"embeddable":true,"href":"https:\/\/lariojahoteles.com\/es\/wp-json\/wp\/v2\/users\/1"}],"replies":[{"embeddable":true,"href":"https:\/\/lariojahoteles.com\/es\/wp-json\/wp\/v2\/comments?post=2362"}],"version-history":[{"count":1,"href":"https:\/\/lariojahoteles.com\/es\/wp-json\/wp\/v2\/pages\/2362\/revisions"}],"predecessor-version":[{"id":2363,"href":"https:\/\/lariojahoteles.com\/es\/wp-json\/wp\/v2\/pages\/2362\/revisions\/2363"}],"wp:attachment":[{"href":"https:\/\/lariojahoteles.com\/es\/wp-json\/wp\/v2\/media?parent=2362"}],"curies":[{"name":"wp","href":"https:\/\/api.w.org\/{rel}","templated":true}]}}