{"id":2367,"date":"2023-10-24T15:55:08","date_gmt":"2023-10-24T13:55:08","guid":{"rendered":"https:\/\/lariojahoteles.com\/hoteles-calahorra\/"},"modified":"2023-11-01T16:31:14","modified_gmt":"2023-11-01T15:31:14","slug":"calahorra-hoteles","status":"publish","type":"page","link":"https:\/\/lariojahoteles.com\/es\/calahorra-hoteles\/","title":{"rendered":"Hoteles Calahorra"},"content":{"rendered":"\n<div class=\"wp-block-uagb-container uagb-block-ae0bc409 alignfull uagb-is-root-container\"><div class=\"uagb-container-inner-blocks-wrap\">\n<div class=\"wp-block-uagb-advanced-heading uagb-block-59973544\"><h1 class=\"uagb-heading-text\">Hoteles Calahorra<\/h1><\/div>\n<\/div><\/div>\n\n<div class=\"wp-block-group is-layout-constrained wp-block-group-is-layout-constrained\">\n<p class=\"has-text-align-center has-medium-font-size\"><strong>Calahorra est\u00e1 situada en la Rioja Oriental riojana. Despu\u00e9s de Logro\u00f1o, es la segunda ciudad m\u00e1s grande de la regi\u00f3n.<\/strong><\/p>\n\n\n\n<p class=\"has-text-align-center has-medium-font-size\">Esta regi\u00f3n se ha hecho famosa por su vino de Rioja y est\u00e1 situada en las f\u00e9rtiles llanuras del r\u00edo Ebro, ideales para el cultivo de la vid.<\/p>\n\n\n\n<p class=\"has-text-align-center has-medium-font-size\">Esta combinaci\u00f3n de degustaci\u00f3n de vinos y experiencia cultural excepcional no tiene rival entre los turistas. Calahorra es tambi\u00e9n un lugar excelente para alojarse en Semana Santa y presenciar recreaciones de la Pasi\u00f3n de Cristo y representaciones de la \u00e9poca romana.<\/p>\n\n\n\n<p class=\"has-text-align-center has-medium-font-size\">Sin embargo, si quiere descansar de una visita cultural y apreciar la naturaleza mientras est\u00e1 en Calahorra, hay algunos senderos magn\u00edficos a trav\u00e9s del Parque Natural de la Sierra de Cebollera para excursionistas y jinetes.<\/p>\n\n\n\n<div class=\"wp-block-uagb-buttons uagb-buttons__outer-wrap uagb-btn__default-btn uagb-btn-tablet__default-btn uagb-btn-mobile__default-btn uagb-block-a7a35faa\"><div class=\"uagb-buttons__wrap uagb-buttons-layout-wrap\">\n<div class=\"wp-block-uagb-buttons-child uagb-buttons__outer-wrap uagb-block-d8bcce46 wp-block-button\"><div class=\"uagb-button__wrapper\"><a class=\"uagb-buttons-repeater wp-block-button__link\" href=\"https:\/\/www.booking.com\/searchresults.en.html?city=-374956&amp;nflt=ht_id%253D204&amp;aid=2397728&amp;no_rooms=1&amp;group_adults=2\" onclick=\"return true;\" rel=\"follow noopener\" target=\"_blank\"><div class=\"uagb-button__link\">Buscar hoteles en Calahorra<\/div><\/a><\/div><\/div>\n<\/div><\/div>\n<\/div>\n\n<div class=\"wp-block-columns is-layout-flex wp-container-core-columns-is-layout-28f84493 wp-block-columns-is-layout-flex\">\n<div class=\"wp-block-column is-layout-flow wp-block-column-is-layout-flow\" style=\"flex-basis:33.34%\">\n<div class=\"wp-block-uagb-container uagb-block-fce36be4 alignfull uagb-is-root-container\"><div class=\"uagb-container-inner-blocks-wrap\">\n<div class=\"wp-block-uagb-container uagb-block-1a326471\">\n<div class=\"wp-block-uagb-info-box uagb-block-309bf170 uagb-infobox__content-wrap  uagb-infobox-icon-above-title uagb-infobox-image-valign-top\"><div class=\"uagb-ifb-content\"><div class=\"uagb-ifb-image-content\"><img decoding=\"async\" src=\"https:\/\/lariojahoteles.com\/wp-content\/uploads\/2023\/10\/parador-de-calahorra.jpg\" alt=\"parador de calahorra\" width=\"\" height=\"0\" loading=\"lazy\"\/><\/div><div class=\"uagb-ifb-title-wrap\"><h4 class=\"uagb-ifb-title\"><a href=\"https:\/\/www.booking.com\/hotel\/es\/parador-de-calahorra.en.html?aid=2397728&amp;no_rooms=1&amp;group_adults=2\" data-type=\"link\" data-id=\"https:\/\/www.booking.com\/hotel\/es\/palacios.en.html?aid=2397728&amp;no_rooms=1&amp;group_adults=2\" target=\"_blank\" rel=\"noreferrer noopener\">Parador de Calahorra<\/a><\/h4><\/div><p class=\"uagb-ifb-desc\">El Parador de Calahorra se encuentra en una de las estructuras de mayor importancia hist\u00f3rica de la regi\u00f3n de La Rioja. Esta encantadora estructura de ladrillo rojo est\u00e1 situada a orillas del r\u00edo Ebro, rodeada de un exuberante jard\u00edn lleno de flores vibrantes y palmeras. Admire los grandes portales, las obras de arte cristiano y el resto de la decoraci\u00f3n de estilo medieval mientras pasea por el Parador.<\/p><\/div><\/div>\n\n\n\n<div class=\"wp-block-uagb-info-box uagb-block-7268fdc3 uagb-infobox__content-wrap  uagb-infobox-icon-above-title uagb-infobox-image-valign-top\"><div class=\"uagb-ifb-content\"><div class=\"uagb-ifb-title-wrap\"><\/div><div class=\"uagb-ifb-button-wrapper wp-block-button\"><a href=\"https:\/\/www.booking.com\/hotel\/es\/parador-de-calahorra.en.html?aid=2397728&amp;no_rooms=1&amp;group_adults=2\" class=\"uagb-infobox-cta-link wp-block-button__link\" target=\"_blank\" rel=\"noopener noreferrer\" onclick=\"return true;\" alt=\"\"><span class=\"uagb-inline-editing\">INFORMACI\u00d3N Y DISPONIBILIDAD DE RESERVAS<\/span><\/a><\/div><\/div><\/div>\n<\/div>\n<\/div><\/div>\n<\/div>\n\n\n\n<div class=\"wp-block-column is-layout-flow wp-block-column-is-layout-flow\" style=\"flex-basis:33.34%\">\n<div class=\"wp-block-uagb-container uagb-block-fde044fc alignfull uagb-is-root-container\">\n<div class=\"wp-block-uagb-container uagb-block-9255d1cf\">\n<div class=\"wp-block-uagb-info-box uagb-block-1d75c25d uagb-infobox__content-wrap  uagb-infobox-icon-above-title uagb-infobox-image-valign-top\"><div class=\"uagb-ifb-content\"><div class=\"uagb-ifb-image-content\"><img decoding=\"async\" src=\"https:\/\/lariojahoteles.com\/wp-content\/uploads\/2023\/10\/hotel-ciudad-de-calahorra.jpg\" alt=\"hotel ciudad de calahorra\" width=\"500\" height=\"365\" loading=\"lazy\"\/><\/div><div class=\"uagb-ifb-title-wrap\"><h4 class=\"uagb-ifb-title\"><a href=\"https:\/\/www.booking.com\/hotel\/es\/ciudad-de-calahorra.en.html?aid=2397728&amp;no_rooms=1&amp;group_adults=2\" data-type=\"link\" data-id=\"https:\/\/www.booking.com\/hotel\/es\/hm-alfaro.en.html?aid=2397728&amp;no_rooms=1&amp;group_adults=2\" target=\"_blank\" rel=\"noreferrer noopener\">Hotel de Ciudad Calahorra<\/a><\/h4><\/div><p class=\"uagb-ifb-desc\">El Hotel Ciudad De Calahorra es ideal para explorar la ciudad de Calahorra y la regi\u00f3n de La Rioja. El hotel se encuentra en pleno centro de Calahorra, a 100 metros del Ayuntamiento. Hay aparcamiento en las inmediaciones previa solicitud.<\/p><\/div><\/div>\n\n\n\n<div class=\"wp-block-uagb-info-box uagb-block-aa91a396 uagb-infobox__content-wrap  uagb-infobox-icon-above-title uagb-infobox-image-valign-top\"><div class=\"uagb-ifb-content\"><div class=\"uagb-ifb-title-wrap\"><\/div><div class=\"uagb-ifb-button-wrapper wp-block-button\"><a href=\"https:\/\/www.booking.com\/hotel\/es\/ciudad-de-calahorra.en.html?aid=2397728&amp;no_rooms=1&amp;group_adults=2\" class=\"uagb-infobox-cta-link wp-block-button__link\" target=\"_blank\" rel=\"noopener noreferrer\" onclick=\"return true;\" alt=\"\"><span class=\"uagb-inline-editing\">INFORMACI\u00d3N Y DISPONIBILIDAD DE RESERVAS<\/span><\/a><\/div><\/div><\/div>\n<\/div>\n<\/div>\n<\/div>\n\n\n\n<div class=\"wp-block-column is-layout-flow wp-block-column-is-layout-flow\" style=\"flex-basis:33.33%\">\n<div class=\"wp-block-uagb-container uagb-block-0a5a6dbe alignfull uagb-is-root-container\">\n<div class=\"wp-block-uagb-container uagb-block-c411929b\">\n<div class=\"wp-block-uagb-info-box uagb-block-dc2febbf uagb-infobox__content-wrap  uagb-infobox-icon-above-title uagb-infobox-image-valign-top\"><div class=\"uagb-ifb-content\"><div class=\"uagb-ifb-image-content\"><img decoding=\"async\" src=\"https:\/\/lariojahoteles.com\/wp-content\/uploads\/2023\/10\/hotel-zenit-calahorra.jpg\" alt=\"hotel zenit calahorra\" width=\"500\" height=\"365\" loading=\"lazy\"\/><\/div><div class=\"uagb-ifb-title-wrap\"><h4 class=\"uagb-ifb-title\"><a href=\"https:\/\/www.booking.com\/hotel\/es\/zenitcalahorra.en.html?aid=2397728&amp;no_rooms=1&amp;group_adults=2\" data-type=\"link\" data-id=\"https:\/\/www.booking.com\/hotel\/es\/hm-alfaro.en.html?aid=2397728&amp;no_rooms=1&amp;group_adults=2\" target=\"_blank\" rel=\"noreferrer noopener\">Nuevo Zenit Calahorra<\/a><\/h4><\/div><p class=\"uagb-ifb-desc\">El Hotel Nuevo Zenit Calahorra se encuentra a 5 km del centro de Calahorra, en la regi\u00f3n vin\u00edcola de La Rioja, con f\u00e1cil acceso a la autopista AP-68. Est\u00e1 rodeado de amplios jardines y ofrece piscina al aire libre, minigolf, aparcamiento gratuito y conexi\u00f3n Wi-Fi gratuita. Sus 26 habitaciones son ideales para disfrutar de unos d\u00edas en el campo y admirar el impresionante paisaje de la regi\u00f3n.<\/p><\/div><\/div>\n\n\n\n<div class=\"wp-block-uagb-info-box uagb-block-5c658475 uagb-infobox__content-wrap  uagb-infobox-icon-above-title uagb-infobox-image-valign-top\"><div class=\"uagb-ifb-content\"><div class=\"uagb-ifb-title-wrap\"><\/div><div class=\"uagb-ifb-button-wrapper wp-block-button\"><a href=\"https:\/\/www.booking.com\/hotel\/es\/zenitcalahorra.en.html?aid=2397728&amp;no_rooms=1&amp;group_adults=2\" class=\"uagb-infobox-cta-link wp-block-button__link\" target=\"_blank\" rel=\"noopener noreferrer\" onclick=\"return true;\" alt=\"\"><span class=\"uagb-inline-editing\">INFORMACI\u00d3N Y DISPONIBILIDAD DE RESERVAS<\/span><\/a><\/div><\/div><\/div>\n<\/div>\n<\/div>\n<\/div>\n<\/div>\n\n<div class=\"wp-block-uagb-separator uagb-block-791aec31\"><div class=\"wp-block-uagb-separator__inner\" style=\"--my-background-image:\"><\/div><\/div>\n\n<section class=\"wp-block-uagb-columns uagb-columns__wrap uagb-columns__background-none uagb-columns__stack-mobile uagb-columns__valign- uagb-columns__gap-10 align uagb-block-397009c3 uagb-columns__columns-2 uagb-columns__max_width-theme\"><div class=\"uagb-columns__overlay\"><\/div><div class=\"uagb-columns__inner-wrap uagb-columns__columns-2\">\n<div class=\"wp-block-uagb-column uagb-column__wrap uagb-column__background-color uagb-block-7e819b87\"><div class=\"uagb-column__overlay\"><\/div>\n<div class=\"wp-block-uagb-info-box uagb-block-92d65b3f uagb-infobox__content-wrap  uagb-infobox-icon-above-title uagb-infobox-image-valign-top\"><div class=\"uagb-ifb-content\"><div class=\"uagb-ifb-icon-wrap\"><svg xmlns=\"https:\/\/www.w3.org\/2000\/svg\" viewbox=\"0 0 512 512\"><path d=\"M39.61 196.8L74.8 96.29C88.27 57.78 124.6 32 165.4 32H346.6C387.4 32 423.7 57.78 437.2 96.29L472.4 196.8C495.6 206.4 512 229.3 512 256V448C512 465.7 497.7 480 480 480H448C430.3 480 416 465.7 416 448V400H96V448C96 465.7 81.67 480 64 480H32C14.33 480 0 465.7 0 448V256C0 229.3 16.36 206.4 39.61 196.8V196.8zM109.1 192H402.9L376.8 117.4C372.3 104.6 360.2 96 346.6 96H165.4C151.8 96 139.7 104.6 135.2 117.4L109.1 192zM96 256C78.33 256 64 270.3 64 288C64 305.7 78.33 320 96 320C113.7 320 128 305.7 128 288C128 270.3 113.7 256 96 256zM416 320C433.7 320 448 305.7 448 288C448 270.3 433.7 256 416 256C398.3 256 384 270.3 384 288C384 305.7 398.3 320 416 320z\"><\/path><\/svg><\/div><div class=\"uagb-ifb-title-wrap\"><h3 class=\"uagb-ifb-title\">Viajes a Calahorra<\/h3><\/div><p class=\"uagb-ifb-desc\">Calahorra est\u00e1 bien comunicada con otras ciudades, especialmente por autov\u00eda. Est\u00e1 situada en el valle del Ebro, a 39 km de Logro\u00f1o, 120 km de Zaragoza y 180 km de Bilbao, y comunicada con estas ciudades por la carretera nacional <strong>232, la<\/strong> autopista <strong>A-68<\/strong> (Vasco-Aragonesa).<br\/><strong>Autob\u00fas:<\/strong> Servicios diarios de autob\u00fas que la unen con las ciudades de Pamplona, Soria y San Sebasti\u00e1n.<br\/><strong>Aeropuertos m\u00e1s cercanos:<\/strong> Logro\u00f1o Agoncillo (39 km), Pamplona (57 km)<br\/><strong>Tren:<\/strong> Estaci\u00f3n de la l\u00ednea Bilbao-Zaragoza.<\/p><\/div><\/div>\n<\/div>\n\n\n\n<div class=\"wp-block-uagb-column uagb-column__wrap uagb-column__background-undefined uagb-block-a3064cf7\"><div class=\"uagb-column__overlay\"><\/div>\n<div class=\"wp-block-uagb-info-box uagb-block-b8c15709 uagb-infobox__content-wrap  uagb-infobox-icon-above-title uagb-infobox-image-valign-top\"><div class=\"uagb-ifb-content\"><div class=\"uagb-ifb-icon-wrap\"><svg xmlns=\"https:\/\/www.w3.org\/2000\/svg\" viewbox=\"0 0 512 512\"><path d=\"M496.3 202.5l-110-15.38l41.88-104.4c6.625-16.63-11.63-32.25-26.63-22.63L307.5 120l-34.13-107.1C270.6 4.25 263.4 0 255.1 0C248.6 0 241.4 4.25 238.6 12.88L204.5 120L110.5 60.12c-15-9.5-33.22 5.1-26.6 22.63l41.85 104.4L15.71 202.5C-1.789 205-5.915 228.8 9.71 237.2l98.14 52.63l-74.51 83.5c-10.88 12.25-1.78 31 13.35 31c1.25 0 2.657-.25 4.032-.5l108.6-23.63l-4.126 112.5C154.7 504.4 164.1 512 173.6 512c5.125 0 10.38-2.25 14.25-7.25l68.13-88.88l68.23 88.88C327.1 509.8 333.2 512 338.4 512c9.5 0 18.88-7.625 18.38-19.25l-4.032-112.5l108.5 23.63c17.38 3.75 29.25-17.25 17.38-30.5l-74.51-83.5l98.14-52.72C517.9 228.8 513.8 205 496.3 202.5zM338.5 311.6L286.6 300.4l2 53.75l-32.63-42.5l-32.63 42.5l2-53.75L173.5 311.6l35.63-39.87L162.1 246.6L214.7 239.2L194.7 189.4l45 28.63L255.1 166.8l16.25 51.25l45-28.63L297.2 239.2l52.63 7.375l-47 25.13L338.5 311.6z\"><\/path><\/svg><\/div><div class=\"uagb-ifb-title-wrap\"><h3 class=\"uagb-ifb-title\">Fiestas en Calahorra<\/h3><\/div><p class=\"uagb-ifb-desc\"><strong>Santos Emeterio y Celedonio<\/strong>: Marzo<br\/><strong>Calagurritana<\/strong>: Semana Santa<\/p><\/div><\/div>\n<\/div>\n<\/div><\/section>\n\n<div class=\"wp-block-uagb-separator uagb-block-9c66a655\"><div class=\"wp-block-uagb-separator__inner\" style=\"--my-background-image:\"><\/div><\/div>\n\n<div class=\"wp-block-group is-layout-constrained wp-block-group-is-layout-constrained\">\n<div class=\"wp-block-uagb-advanced-heading uagb-block-90cdb599\"><h2 class=\"uagb-heading-text\">Hoteles Calahorra<\/h2><\/div>\n\n\n\n<script src=\"https:\/\/www.booking.com\/affiliate\/prelanding_sdk\"><\/script><div id=\"bookingAffiliateWidget_b825ff63-7311-405f-b529-8bf2da6f5d7d\"> <\/div><script>(function () {\n          var BookingAffiliateWidget = new Booking.AffiliateWidget({\n  \"iframeSettings\": {\n    \"selector\": \"bookingAffiliateWidget_b825ff63-7311-405f-b529-8bf2da6f5d7d\",\n    \"responsive\": true\n  },\n  \"widgetSettings\": {\n    \"ss\": \"Calahorra, La Rioja, Spain\",\n    \"latitude\": 42.30352,\n    \"longitude\": -1.96488,\n    \"zoom\": 9\n  }\n});\n      })();\n  <\/script>\n<\/div>\n","protected":false},"excerpt":{"rendered":"<p>Hoteles Calahorra Calahorra est\u00e1 situada en la Rioja Oriental riojana. Despu\u00e9s de Logro\u00f1o, es la segunda ciudad m\u00e1s grande de la regi\u00f3n. Esta regi\u00f3n se ha hecho famosa por su vino de Rioja y est\u00e1 situada en las f\u00e9rtiles llanuras del r\u00edo Ebro, ideales para el cultivo de la vid. Esta combinaci\u00f3n de degustaci\u00f3n de &hellip;<\/p>\n<p class=\"read-more\"> <a class=\"\" href=\"https:\/\/lariojahoteles.com\/es\/calahorra-hoteles\/\"> <span class=\"screen-reader-text\">Hoteles Calahorra<\/span> Leer m\u00e1s \u00bb<\/a><\/p>\n","protected":false},"author":1,"featured_media":2301,"parent":0,"menu_order":0,"comment_status":"closed","ping_status":"closed","template":"","meta":{"_uag_custom_page_level_css":"","site-sidebar-layout":"no-sidebar","site-content-layout":"page-builder","ast-site-content-layout":"","site-content-style":"default","site-sidebar-style":"default","ast-global-header-display":"","ast-banner-title-visibility":"","ast-main-header-display":"","ast-hfb-above-header-display":"","ast-hfb-below-header-display":"","ast-hfb-mobile-header-display":"","site-post-title":"disabled","ast-breadcrumbs-content":"","ast-featured-img":"disabled","footer-sml-layout":"","theme-transparent-header-meta":"enabled","adv-header-id-meta":"","stick-header-meta":"","header-above-stick-meta":"","header-main-stick-meta":"","header-below-stick-meta":"","astra-migrate-meta-layouts":"","footnotes":""},"class_list":["post-2367","page","type-page","status-publish","has-post-thumbnail","hentry"],"yoast_head":"<!-- This site is optimized with the Yoast SEO plugin v21.5 - https:\/\/yoast.com\/wordpress\/plugins\/seo\/ -->\n<title>Hoteles Calahorra - La Rioja Hotels<\/title>\n<meta name=\"description\" content=\"Calahorra est\u00e1 situada en la Rioja Oriental riojana. Despu\u00e9s de Logro\u00f1o, es la segunda ciudad m\u00e1s grande de la regi\u00f3n.\" \/>\n<meta name=\"robots\" content=\"index, follow, max-snippet:-1, max-image-preview:large, max-video-preview:-1\" \/>\n<link rel=\"canonical\" href=\"https:\/\/lariojahoteles.com\/es\/calahorra-hoteles\/\" \/>\n<meta property=\"og:locale\" content=\"es_ES\" \/>\n<meta property=\"og:type\" content=\"article\" \/>\n<meta property=\"og:title\" content=\"Hoteles Calahorra - La Rioja Hotels\" \/>\n<meta property=\"og:description\" content=\"Calahorra est\u00e1 situada en la Rioja Oriental riojana. Despu\u00e9s de Logro\u00f1o, es la segunda ciudad m\u00e1s grande de la regi\u00f3n.\" \/>\n<meta property=\"og:url\" content=\"https:\/\/lariojahoteles.com\/es\/calahorra-hoteles\/\" \/>\n<meta property=\"og:site_name\" content=\"La Rioja Hotels\" \/>\n<meta property=\"article:modified_time\" content=\"2023-11-01T15:31:14+00:00\" \/>\n<meta property=\"og:image\" content=\"https:\/\/lariojahoteles.com\/wp-content\/uploads\/2023\/10\/hoteles-calahorra.jpg\" \/>\n\t<meta property=\"og:image:width\" content=\"600\" \/>\n\t<meta property=\"og:image:height\" content=\"393\" \/>\n\t<meta property=\"og:image:type\" content=\"image\/jpeg\" \/>\n<meta name=\"twitter:card\" content=\"summary_large_image\" \/>\n<meta name=\"twitter:label1\" content=\"Tiempo de lectura\" \/>\n\t<meta name=\"twitter:data1\" content=\"2 minutos\" \/>\n<script type=\"application\/ld+json\" class=\"yoast-schema-graph\">{\"@context\":\"https:\/\/schema.org\",\"@graph\":[{\"@type\":\"WebPage\",\"@id\":\"https:\/\/lariojahoteles.com\/es\/calahorra-hoteles\/\",\"url\":\"https:\/\/lariojahoteles.com\/es\/calahorra-hoteles\/\",\"name\":\"Hoteles Calahorra - La Rioja Hotels\",\"isPartOf\":{\"@id\":\"https:\/\/lariojahoteles.com\/es\/#website\"},\"datePublished\":\"2023-10-24T13:55:08+00:00\",\"dateModified\":\"2023-11-01T15:31:14+00:00\",\"description\":\"Calahorra est\u00e1 situada en la Rioja Oriental riojana. Despu\u00e9s de Logro\u00f1o, es la segunda ciudad m\u00e1s grande de la regi\u00f3n.\",\"breadcrumb\":{\"@id\":\"https:\/\/lariojahoteles.com\/es\/calahorra-hoteles\/#breadcrumb\"},\"inLanguage\":\"es\",\"potentialAction\":[{\"@type\":\"ReadAction\",\"target\":[\"https:\/\/lariojahoteles.com\/es\/calahorra-hoteles\/\"]}]},{\"@type\":\"BreadcrumbList\",\"@id\":\"https:\/\/lariojahoteles.com\/es\/calahorra-hoteles\/#breadcrumb\",\"itemListElement\":[{\"@type\":\"ListItem\",\"position\":1,\"name\":\"Home\",\"item\":\"https:\/\/lariojahoteles.com\/es\/\"},{\"@type\":\"ListItem\",\"position\":2,\"name\":\"Hoteles Calahorra\"}]},{\"@type\":\"WebSite\",\"@id\":\"https:\/\/lariojahoteles.com\/es\/#website\",\"url\":\"https:\/\/lariojahoteles.com\/es\/\",\"name\":\"La Rioja Hotels\",\"description\":\"\",\"publisher\":{\"@id\":\"https:\/\/lariojahoteles.com\/es\/#organization\"},\"potentialAction\":[{\"@type\":\"SearchAction\",\"target\":{\"@type\":\"EntryPoint\",\"urlTemplate\":\"https:\/\/lariojahoteles.com\/es\/?s={search_term_string}\"},\"query-input\":\"required name=search_term_string\"}],\"inLanguage\":\"es\"},{\"@type\":\"Organization\",\"@id\":\"https:\/\/lariojahoteles.com\/es\/#organization\",\"name\":\"La Rioja Hotels\",\"url\":\"https:\/\/lariojahoteles.com\/es\/\",\"logo\":{\"@type\":\"ImageObject\",\"inLanguage\":\"es\",\"@id\":\"https:\/\/lariojahoteles.com\/es\/#\/schema\/logo\/image\/\",\"url\":\"https:\/\/lariojahoteles.com\/wp-content\/uploads\/2023\/10\/hotel-icon.png\",\"contentUrl\":\"https:\/\/lariojahoteles.com\/wp-content\/uploads\/2023\/10\/hotel-icon.png\",\"width\":349,\"height\":420,\"caption\":\"La Rioja Hotels\"},\"image\":{\"@id\":\"https:\/\/lariojahoteles.com\/es\/#\/schema\/logo\/image\/\"}}]}<\/script>\n<!-- \/ Yoast SEO plugin. -->","yoast_head_json":{"title":"Hoteles Calahorra - La Rioja Hotels","description":"Calahorra est\u00e1 situada en la Rioja Oriental riojana. Despu\u00e9s de Logro\u00f1o, es la segunda ciudad m\u00e1s grande de la regi\u00f3n.","robots":{"index":"index","follow":"follow","max-snippet":"max-snippet:-1","max-image-preview":"max-image-preview:large","max-video-preview":"max-video-preview:-1"},"canonical":"https:\/\/lariojahoteles.com\/es\/calahorra-hoteles\/","og_locale":"es_ES","og_type":"article","og_title":"Hoteles Calahorra - La Rioja Hotels","og_description":"Calahorra est\u00e1 situada en la Rioja Oriental riojana. Despu\u00e9s de Logro\u00f1o, es la segunda ciudad m\u00e1s grande de la regi\u00f3n.","og_url":"https:\/\/lariojahoteles.com\/es\/calahorra-hoteles\/","og_site_name":"La Rioja Hotels","article_modified_time":"2023-11-01T15:31:14+00:00","og_image":[{"width":600,"height":393,"url":"https:\/\/lariojahoteles.com\/wp-content\/uploads\/2023\/10\/hoteles-calahorra.jpg","type":"image\/jpeg"}],"twitter_card":"summary_large_image","twitter_misc":{"Tiempo de lectura":"2 minutos"},"schema":{"@context":"https:\/\/schema.org","@graph":[{"@type":"WebPage","@id":"https:\/\/lariojahoteles.com\/es\/calahorra-hoteles\/","url":"https:\/\/lariojahoteles.com\/es\/calahorra-hoteles\/","name":"Hoteles Calahorra - La Rioja Hotels","isPartOf":{"@id":"https:\/\/lariojahoteles.com\/es\/#website"},"datePublished":"2023-10-24T13:55:08+00:00","dateModified":"2023-11-01T15:31:14+00:00","description":"Calahorra est\u00e1 situada en la Rioja Oriental riojana. Despu\u00e9s de Logro\u00f1o, es la segunda ciudad m\u00e1s grande de la regi\u00f3n.","breadcrumb":{"@id":"https:\/\/lariojahoteles.com\/es\/calahorra-hoteles\/#breadcrumb"},"inLanguage":"es","potentialAction":[{"@type":"ReadAction","target":["https:\/\/lariojahoteles.com\/es\/calahorra-hoteles\/"]}]},{"@type":"BreadcrumbList","@id":"https:\/\/lariojahoteles.com\/es\/calahorra-hoteles\/#breadcrumb","itemListElement":[{"@type":"ListItem","position":1,"name":"Home","item":"https:\/\/lariojahoteles.com\/es\/"},{"@type":"ListItem","position":2,"name":"Hoteles Calahorra"}]},{"@type":"WebSite","@id":"https:\/\/lariojahoteles.com\/es\/#website","url":"https:\/\/lariojahoteles.com\/es\/","name":"La Rioja Hotels","description":"","publisher":{"@id":"https:\/\/lariojahoteles.com\/es\/#organization"},"potentialAction":[{"@type":"SearchAction","target":{"@type":"EntryPoint","urlTemplate":"https:\/\/lariojahoteles.com\/es\/?s={search_term_string}"},"query-input":"required name=search_term_string"}],"inLanguage":"es"},{"@type":"Organization","@id":"https:\/\/lariojahoteles.com\/es\/#organization","name":"La Rioja Hotels","url":"https:\/\/lariojahoteles.com\/es\/","logo":{"@type":"ImageObject","inLanguage":"es","@id":"https:\/\/lariojahoteles.com\/es\/#\/schema\/logo\/image\/","url":"https:\/\/lariojahoteles.com\/wp-content\/uploads\/2023\/10\/hotel-icon.png","contentUrl":"https:\/\/lariojahoteles.com\/wp-content\/uploads\/2023\/10\/hotel-icon.png","width":349,"height":420,"caption":"La Rioja Hotels"},"image":{"@id":"https:\/\/lariojahoteles.com\/es\/#\/schema\/logo\/image\/"}}]}},"uagb_featured_image_src":{"full":["https:\/\/lariojahoteles.com\/wp-content\/uploads\/2023\/10\/hoteles-calahorra.jpg",600,393,false],"thumbnail":["https:\/\/lariojahoteles.com\/wp-content\/uploads\/2023\/10\/hoteles-calahorra-150x150.jpg",150,150,true],"medium":["https:\/\/lariojahoteles.com\/wp-content\/uploads\/2023\/10\/hoteles-calahorra-300x197.jpg",300,197,true],"medium_large":["https:\/\/lariojahoteles.com\/wp-content\/uploads\/2023\/10\/hoteles-calahorra.jpg",600,393,false],"large":["https:\/\/lariojahoteles.com\/wp-content\/uploads\/2023\/10\/hoteles-calahorra.jpg",600,393,false],"1536x1536":["https:\/\/lariojahoteles.com\/wp-content\/uploads\/2023\/10\/hoteles-calahorra.jpg",600,393,false],"2048x2048":["https:\/\/lariojahoteles.com\/wp-content\/uploads\/2023\/10\/hoteles-calahorra.jpg",600,393,false]},"uagb_author_info":{"display_name":"admin","author_link":"https:\/\/lariojahoteles.com\/es\/author\/lariojahoteles\/"},"uagb_comment_info":0,"uagb_excerpt":"Hoteles Calahorra Calahorra est\u00e1 situada en la Rioja Oriental riojana. Despu\u00e9s de Logro\u00f1o, es la segunda ciudad m\u00e1s grande de la regi\u00f3n. Esta regi\u00f3n se ha hecho famosa por su vino de Rioja y est\u00e1 situada en las f\u00e9rtiles llanuras del r\u00edo Ebro, ideales para el cultivo de la vid. Esta combinaci\u00f3n de degustaci\u00f3n de&hellip;","_links":{"self":[{"href":"https:\/\/lariojahoteles.com\/es\/wp-json\/wp\/v2\/pages\/2367","targetHints":{"allow":["GET"]}}],"collection":[{"href":"https:\/\/lariojahoteles.com\/es\/wp-json\/wp\/v2\/pages"}],"about":[{"href":"https:\/\/lariojahoteles.com\/es\/wp-json\/wp\/v2\/types\/page"}],"author":[{"embeddable":true,"href":"https:\/\/lariojahoteles.com\/es\/wp-json\/wp\/v2\/users\/1"}],"replies":[{"embeddable":true,"href":"https:\/\/lariojahoteles.com\/es\/wp-json\/wp\/v2\/comments?post=2367"}],"version-history":[{"count":3,"href":"https:\/\/lariojahoteles.com\/es\/wp-json\/wp\/v2\/pages\/2367\/revisions"}],"predecessor-version":[{"id":2419,"href":"https:\/\/lariojahoteles.com\/es\/wp-json\/wp\/v2\/pages\/2367\/revisions\/2419"}],"wp:featuredmedia":[{"embeddable":true,"href":"https:\/\/lariojahoteles.com\/es\/wp-json\/wp\/v2\/media\/2301"}],"wp:attachment":[{"href":"https:\/\/lariojahoteles.com\/es\/wp-json\/wp\/v2\/media?parent=2367"}],"curies":[{"name":"wp","href":"https:\/\/api.w.org\/{rel}","templated":true}]}}