{"id":2369,"date":"2023-10-27T16:39:27","date_gmt":"2023-10-27T14:39:27","guid":{"rendered":"https:\/\/lariojahoteles.com\/que-hacer-en-la-rioja\/"},"modified":"2023-11-01T15:48:49","modified_gmt":"2023-11-01T14:48:49","slug":"que-hacer-en-la-rioja","status":"publish","type":"page","link":"https:\/\/lariojahoteles.com\/es\/que-hacer-en-la-rioja\/","title":{"rendered":"Qu\u00e9 hacer en La Rioja"},"content":{"rendered":"\n<div class=\"wp-block-uagb-container uagb-block-3ad17e27 alignfull uagb-is-root-container\"><div class=\"uagb-container-inner-blocks-wrap\"><\/div><\/div>\n\n<div class=\"wp-block-uagb-container uagb-block-f8ec2bd3 alignfull uagb-is-root-container\"><div class=\"uagb-container-inner-blocks-wrap\">\n<div class=\"wp-block-uagb-advanced-heading uagb-block-e874992d\"><h1 class=\"uagb-heading-text\">Qu\u00e9 hacer en La Rioja: un viaje por la regi\u00f3n vin\u00edcola de Espa\u00f1a<\/h1><\/div>\n\n\n\n<p class=\"has-text-align-center has-medium-font-size\">Con sus impresionantes paisajes, sus vinos de categor\u00eda mundial y su rico patrimonio cultural, La Rioja invita al visitante a embarcarse en un viaje de descubrimiento. La Rioja promete una experiencia \u00fanica en la vida, independientemente de si es usted un entendido en vinos, un admirador de la cultura espa\u00f1ola o simplemente busca un retiro tranquilo. En esta joya oculta de Espa\u00f1a, abrace la calidez de la regi\u00f3n, saboree los mejores vinos y cree recuerdos inolvidables. \u00a1Salut a La Rioja!<\/p>\n\n\n\n<h2 class=\"wp-block-heading has-text-align-center\">Excursiones especiales por La Rioja y sus alrededores<\/h2>\n\n\n\n<div data-gyg-href=\"https:\/\/widget.getyourguide.com\/default\/activities.frame\" data-gyg-locale-code=\"en-US\" data-gyg-widget=\"activities\" data-gyg-number-of-items=\"5\" data-gyg-partner-id=\"V571YVI\" data-gyg-q=\"Rioja%20Spain\"><\/div>\n<\/div><\/div>\n\n<div style=\"height:77px\" aria-hidden=\"true\" class=\"wp-block-spacer\"><\/div>\n\n<div class=\"wp-block-uagb-container uagb-block-26fe4a3a alignfull uagb-is-root-container\"><div class=\"uagb-container-inner-blocks-wrap\">\n<div class=\"wp-block-group alignfull has-text-color has-background is-layout-flow wp-block-group-is-layout-flow\" style=\"color:#000000;background-color:#ffffff\">\n<div style=\"height:64px\" aria-hidden=\"true\" class=\"wp-block-spacer\"><\/div>\n\n\n\n<p class=\"has-text-align-center has-medium-font-size\" style=\"line-height:.9\"><strong>UN PARA\u00cdSO PARA LOS AMANTES DEL VINO<\/strong><\/p>\n\n\n\n<h2 class=\"wp-block-heading has-text-align-center\" id=\"schedule-a-visit\" style=\"font-size:59px;line-height:1.15\"><strong><a href=\"https:\/\/lariojahoteles.com\/es\/\" data-type=\"page\" data-id=\"1322\">La Rioja Hoteles<\/a><\/strong><\/h2>\n\n\n\n<div class=\"wp-block-buttons is-horizontal is-content-justification-center is-layout-flex wp-container-core-buttons-is-layout-03627597 wp-block-buttons-is-layout-flex\">\n<div class=\"wp-block-button has-custom-width wp-block-button__width-50\"><a class=\"wp-block-button__link has-text-color has-background wp-element-button\" href=\"https:\/\/lariojahoteles.com\/es\/\" style=\"border-radius:50px;color:#ffffff;background-color:#000000\">COMIENCE HOY MISMO LA B\u00daSQUEDA DE SU HOTEL EN LA RIOJA.<\/a><\/div>\n<\/div>\n\n\n\n<div style=\"height:64px\" aria-hidden=\"true\" class=\"wp-block-spacer\"><\/div>\n<\/div>\n<\/div><\/div>\n","protected":false},"excerpt":{"rendered":"<p>Qu\u00e9 hacer en La Rioja: un viaje por la regi\u00f3n vin\u00edcola de Espa\u00f1a Con sus impresionantes paisajes, sus vinos de categor\u00eda mundial y su rico patrimonio cultural, La Rioja invita al visitante a embarcarse en un viaje de descubrimiento. La Rioja promete una experiencia \u00fanica en la vida, independientemente de si es usted un entendido &hellip;<\/p>\n<p class=\"read-more\"> <a class=\"\" href=\"https:\/\/lariojahoteles.com\/es\/que-hacer-en-la-rioja\/\"> <span class=\"screen-reader-text\">Qu\u00e9 hacer en La Rioja<\/span> Leer m\u00e1s \u00bb<\/a><\/p>\n","protected":false},"author":1,"featured_media":2298,"parent":0,"menu_order":0,"comment_status":"closed","ping_status":"closed","template":"","meta":{"_uag_custom_page_level_css":"","site-sidebar-layout":"no-sidebar","site-content-layout":"page-builder","ast-site-content-layout":"","site-content-style":"default","site-sidebar-style":"default","ast-global-header-display":"","ast-banner-title-visibility":"","ast-main-header-display":"","ast-hfb-above-header-display":"","ast-hfb-below-header-display":"","ast-hfb-mobile-header-display":"","site-post-title":"disabled","ast-breadcrumbs-content":"","ast-featured-img":"disabled","footer-sml-layout":"","theme-transparent-header-meta":"enabled","adv-header-id-meta":"","stick-header-meta":"","header-above-stick-meta":"","header-main-stick-meta":"","header-below-stick-meta":"","astra-migrate-meta-layouts":"","footnotes":""},"class_list":["post-2369","page","type-page","status-publish","has-post-thumbnail","hentry"],"yoast_head":"<!-- This site is optimized with the Yoast SEO plugin v21.5 - https:\/\/yoast.com\/wordpress\/plugins\/seo\/ -->\n<title>Qu\u00e9 hacer en La Rioja - La Rioja Hotels<\/title>\n<meta name=\"description\" content=\"Con sus impresionantes paisajes, sus vinos de primera clase y su rico patrimonio cultural, La Rioja invita a sus visitantes a embarcarse en un viaje de descubrimiento.\" \/>\n<meta name=\"robots\" content=\"index, follow, max-snippet:-1, max-image-preview:large, max-video-preview:-1\" \/>\n<link rel=\"canonical\" href=\"https:\/\/lariojahoteles.com\/es\/que-hacer-en-la-rioja\/\" \/>\n<meta property=\"og:locale\" content=\"es_ES\" \/>\n<meta property=\"og:type\" content=\"article\" \/>\n<meta property=\"og:title\" content=\"Qu\u00e9 hacer en La Rioja - La Rioja Hotels\" \/>\n<meta property=\"og:description\" content=\"Con sus impresionantes paisajes, sus vinos de primera clase y su rico patrimonio cultural, La Rioja invita a sus visitantes a embarcarse en un viaje de descubrimiento.\" \/>\n<meta property=\"og:url\" content=\"https:\/\/lariojahoteles.com\/es\/que-hacer-en-la-rioja\/\" \/>\n<meta property=\"og:site_name\" content=\"La Rioja Hotels\" \/>\n<meta property=\"article:modified_time\" content=\"2023-11-01T14:48:49+00:00\" \/>\n<meta property=\"og:image\" content=\"https:\/\/lariojahoteles.com\/wp-content\/uploads\/2023\/10\/la-rioja-hoteles.jpg\" \/>\n\t<meta property=\"og:image:width\" content=\"2000\" \/>\n\t<meta property=\"og:image:height\" content=\"889\" \/>\n\t<meta property=\"og:image:type\" content=\"image\/jpeg\" \/>\n<meta name=\"twitter:card\" content=\"summary_large_image\" \/>\n<meta name=\"twitter:label1\" content=\"Tiempo de lectura\" \/>\n\t<meta name=\"twitter:data1\" content=\"1 minuto\" \/>\n<script type=\"application\/ld+json\" class=\"yoast-schema-graph\">{\"@context\":\"https:\/\/schema.org\",\"@graph\":[{\"@type\":\"WebPage\",\"@id\":\"https:\/\/lariojahoteles.com\/es\/que-hacer-en-la-rioja\/\",\"url\":\"https:\/\/lariojahoteles.com\/es\/que-hacer-en-la-rioja\/\",\"name\":\"Qu\u00e9 hacer en La Rioja - La Rioja Hotels\",\"isPartOf\":{\"@id\":\"https:\/\/lariojahoteles.com\/es\/#website\"},\"datePublished\":\"2023-10-27T14:39:27+00:00\",\"dateModified\":\"2023-11-01T14:48:49+00:00\",\"description\":\"Con sus impresionantes paisajes, sus vinos de primera clase y su rico patrimonio cultural, La Rioja invita a sus visitantes a embarcarse en un viaje de descubrimiento.\",\"breadcrumb\":{\"@id\":\"https:\/\/lariojahoteles.com\/es\/que-hacer-en-la-rioja\/#breadcrumb\"},\"inLanguage\":\"es\",\"potentialAction\":[{\"@type\":\"ReadAction\",\"target\":[\"https:\/\/lariojahoteles.com\/es\/que-hacer-en-la-rioja\/\"]}]},{\"@type\":\"BreadcrumbList\",\"@id\":\"https:\/\/lariojahoteles.com\/es\/que-hacer-en-la-rioja\/#breadcrumb\",\"itemListElement\":[{\"@type\":\"ListItem\",\"position\":1,\"name\":\"Home\",\"item\":\"https:\/\/lariojahoteles.com\/es\/\"},{\"@type\":\"ListItem\",\"position\":2,\"name\":\"Qu\u00e9 hacer en La Rioja\"}]},{\"@type\":\"WebSite\",\"@id\":\"https:\/\/lariojahoteles.com\/es\/#website\",\"url\":\"https:\/\/lariojahoteles.com\/es\/\",\"name\":\"La Rioja Hotels\",\"description\":\"\",\"publisher\":{\"@id\":\"https:\/\/lariojahoteles.com\/es\/#organization\"},\"potentialAction\":[{\"@type\":\"SearchAction\",\"target\":{\"@type\":\"EntryPoint\",\"urlTemplate\":\"https:\/\/lariojahoteles.com\/es\/?s={search_term_string}\"},\"query-input\":\"required name=search_term_string\"}],\"inLanguage\":\"es\"},{\"@type\":\"Organization\",\"@id\":\"https:\/\/lariojahoteles.com\/es\/#organization\",\"name\":\"La Rioja Hotels\",\"url\":\"https:\/\/lariojahoteles.com\/es\/\",\"logo\":{\"@type\":\"ImageObject\",\"inLanguage\":\"es\",\"@id\":\"https:\/\/lariojahoteles.com\/es\/#\/schema\/logo\/image\/\",\"url\":\"https:\/\/lariojahoteles.com\/wp-content\/uploads\/2023\/10\/hotel-icon.png\",\"contentUrl\":\"https:\/\/lariojahoteles.com\/wp-content\/uploads\/2023\/10\/hotel-icon.png\",\"width\":349,\"height\":420,\"caption\":\"La Rioja Hotels\"},\"image\":{\"@id\":\"https:\/\/lariojahoteles.com\/es\/#\/schema\/logo\/image\/\"}}]}<\/script>\n<!-- \/ Yoast SEO plugin. -->","yoast_head_json":{"title":"Qu\u00e9 hacer en La Rioja - La Rioja Hotels","description":"Con sus impresionantes paisajes, sus vinos de primera clase y su rico patrimonio cultural, La Rioja invita a sus visitantes a embarcarse en un viaje de descubrimiento.","robots":{"index":"index","follow":"follow","max-snippet":"max-snippet:-1","max-image-preview":"max-image-preview:large","max-video-preview":"max-video-preview:-1"},"canonical":"https:\/\/lariojahoteles.com\/es\/que-hacer-en-la-rioja\/","og_locale":"es_ES","og_type":"article","og_title":"Qu\u00e9 hacer en La Rioja - La Rioja Hotels","og_description":"Con sus impresionantes paisajes, sus vinos de primera clase y su rico patrimonio cultural, La Rioja invita a sus visitantes a embarcarse en un viaje de descubrimiento.","og_url":"https:\/\/lariojahoteles.com\/es\/que-hacer-en-la-rioja\/","og_site_name":"La Rioja Hotels","article_modified_time":"2023-11-01T14:48:49+00:00","og_image":[{"width":2000,"height":889,"url":"https:\/\/lariojahoteles.com\/wp-content\/uploads\/2023\/10\/la-rioja-hoteles.jpg","type":"image\/jpeg"}],"twitter_card":"summary_large_image","twitter_misc":{"Tiempo de lectura":"1 minuto"},"schema":{"@context":"https:\/\/schema.org","@graph":[{"@type":"WebPage","@id":"https:\/\/lariojahoteles.com\/es\/que-hacer-en-la-rioja\/","url":"https:\/\/lariojahoteles.com\/es\/que-hacer-en-la-rioja\/","name":"Qu\u00e9 hacer en La Rioja - La Rioja Hotels","isPartOf":{"@id":"https:\/\/lariojahoteles.com\/es\/#website"},"datePublished":"2023-10-27T14:39:27+00:00","dateModified":"2023-11-01T14:48:49+00:00","description":"Con sus impresionantes paisajes, sus vinos de primera clase y su rico patrimonio cultural, La Rioja invita a sus visitantes a embarcarse en un viaje de descubrimiento.","breadcrumb":{"@id":"https:\/\/lariojahoteles.com\/es\/que-hacer-en-la-rioja\/#breadcrumb"},"inLanguage":"es","potentialAction":[{"@type":"ReadAction","target":["https:\/\/lariojahoteles.com\/es\/que-hacer-en-la-rioja\/"]}]},{"@type":"BreadcrumbList","@id":"https:\/\/lariojahoteles.com\/es\/que-hacer-en-la-rioja\/#breadcrumb","itemListElement":[{"@type":"ListItem","position":1,"name":"Home","item":"https:\/\/lariojahoteles.com\/es\/"},{"@type":"ListItem","position":2,"name":"Qu\u00e9 hacer en La Rioja"}]},{"@type":"WebSite","@id":"https:\/\/lariojahoteles.com\/es\/#website","url":"https:\/\/lariojahoteles.com\/es\/","name":"La Rioja Hotels","description":"","publisher":{"@id":"https:\/\/lariojahoteles.com\/es\/#organization"},"potentialAction":[{"@type":"SearchAction","target":{"@type":"EntryPoint","urlTemplate":"https:\/\/lariojahoteles.com\/es\/?s={search_term_string}"},"query-input":"required name=search_term_string"}],"inLanguage":"es"},{"@type":"Organization","@id":"https:\/\/lariojahoteles.com\/es\/#organization","name":"La Rioja Hotels","url":"https:\/\/lariojahoteles.com\/es\/","logo":{"@type":"ImageObject","inLanguage":"es","@id":"https:\/\/lariojahoteles.com\/es\/#\/schema\/logo\/image\/","url":"https:\/\/lariojahoteles.com\/wp-content\/uploads\/2023\/10\/hotel-icon.png","contentUrl":"https:\/\/lariojahoteles.com\/wp-content\/uploads\/2023\/10\/hotel-icon.png","width":349,"height":420,"caption":"La Rioja Hotels"},"image":{"@id":"https:\/\/lariojahoteles.com\/es\/#\/schema\/logo\/image\/"}}]}},"uagb_featured_image_src":{"full":["https:\/\/lariojahoteles.com\/wp-content\/uploads\/2023\/10\/la-rioja-hoteles.jpg",2000,889,false],"thumbnail":["https:\/\/lariojahoteles.com\/wp-content\/uploads\/2023\/10\/la-rioja-hoteles-150x150.jpg",150,150,true],"medium":["https:\/\/lariojahoteles.com\/wp-content\/uploads\/2023\/10\/la-rioja-hoteles-300x133.jpg",300,133,true],"medium_large":["https:\/\/lariojahoteles.com\/wp-content\/uploads\/2023\/10\/la-rioja-hoteles-768x341.jpg",768,341,true],"large":["https:\/\/lariojahoteles.com\/wp-content\/uploads\/2023\/10\/la-rioja-hoteles-1024x455.jpg",1024,455,true],"1536x1536":["https:\/\/lariojahoteles.com\/wp-content\/uploads\/2023\/10\/la-rioja-hoteles-1536x683.jpg",1536,683,true],"2048x2048":["https:\/\/lariojahoteles.com\/wp-content\/uploads\/2023\/10\/la-rioja-hoteles.jpg",2000,889,false]},"uagb_author_info":{"display_name":"admin","author_link":"https:\/\/lariojahoteles.com\/es\/author\/lariojahoteles\/"},"uagb_comment_info":0,"uagb_excerpt":"Qu\u00e9 hacer en La Rioja: un viaje por la regi\u00f3n vin\u00edcola de Espa\u00f1a Con sus impresionantes paisajes, sus vinos de categor\u00eda mundial y su rico patrimonio cultural, La Rioja invita al visitante a embarcarse en un viaje de descubrimiento. La Rioja promete una experiencia \u00fanica en la vida, independientemente de si es usted un entendido&hellip;","_links":{"self":[{"href":"https:\/\/lariojahoteles.com\/es\/wp-json\/wp\/v2\/pages\/2369","targetHints":{"allow":["GET"]}}],"collection":[{"href":"https:\/\/lariojahoteles.com\/es\/wp-json\/wp\/v2\/pages"}],"about":[{"href":"https:\/\/lariojahoteles.com\/es\/wp-json\/wp\/v2\/types\/page"}],"author":[{"embeddable":true,"href":"https:\/\/lariojahoteles.com\/es\/wp-json\/wp\/v2\/users\/1"}],"replies":[{"embeddable":true,"href":"https:\/\/lariojahoteles.com\/es\/wp-json\/wp\/v2\/comments?post=2369"}],"version-history":[{"count":3,"href":"https:\/\/lariojahoteles.com\/es\/wp-json\/wp\/v2\/pages\/2369\/revisions"}],"predecessor-version":[{"id":2393,"href":"https:\/\/lariojahoteles.com\/es\/wp-json\/wp\/v2\/pages\/2369\/revisions\/2393"}],"wp:featuredmedia":[{"embeddable":true,"href":"https:\/\/lariojahoteles.com\/es\/wp-json\/wp\/v2\/media\/2298"}],"wp:attachment":[{"href":"https:\/\/lariojahoteles.com\/es\/wp-json\/wp\/v2\/media?parent=2369"}],"curies":[{"name":"wp","href":"https:\/\/api.w.org\/{rel}","templated":true}]}}