{"id":2443,"date":"2023-10-12T12:38:29","date_gmt":"2023-10-12T10:38:29","guid":{"rendered":"https:\/\/lariojahoteles.com\/politica-de-privacidad\/"},"modified":"2023-11-01T16:39:37","modified_gmt":"2023-11-01T15:39:37","slug":"politica-de-privacidad","status":"publish","type":"page","link":"https:\/\/lariojahoteles.com\/es\/politica-de-privacidad\/","title":{"rendered":"Pol\u00edtica de privacidad"},"content":{"rendered":"\n<h1 class=\"wp-block-heading\">Pol\u00edtica de privacidad<\/h1>\n\n<p>\u00abNosotros\u00bb significa www.lariojahoteles.com<\/p>\n\n<p><strong>La privacidad y seguridad de su informaci\u00f3n personal es extremadamente importante para nosotros. Esta pol\u00edtica de privacidad explica c\u00f3mo y por qu\u00e9 utilizamos sus datos personales, para asegurarnos de que est\u00e1 informado y de que puede confiar al darnos su informaci\u00f3n.<\/strong><\/p>\n\n<p>Mantendremos esta p\u00e1gina actualizada para mostrarle todo lo que hacemos con sus datos personales. Esta pol\u00edtica se aplica si usted es suscriptor, antiguo suscriptor, colaborador o proveedor de www.lariojahoteles.com o utiliza cualquiera de nuestros servicios, visita nuestro sitio web, nos env\u00eda un correo electr\u00f3nico, nos llama o nos escribe. En determinadas circunstancias, tambi\u00e9n podemos proporcionar un aviso de privacidad adicional, que siempre har\u00e1 referencia a esta p\u00e1gina.<\/p>\n\n<p>Nunca venderemos sus datos personales ni los compartiremos con terceros.<\/p>\n\n<h2 class=\"wp-block-heading\">\u00bfQui\u00e9nes somos \u00abnosotros\u00bb?<\/h2>\n\n<p>En esta pol\u00edtica, siempre que vea las palabras \u00abnosotros\u00bb, \u00abnos\u00bb, \u00abnuestro\u00bb se refiere a www.lariojahoteles.com.<\/p>\n\n<p>www.lariojahoteles.com ofrece informaci\u00f3n para visitantes de La Rioja, Espa\u00f1a. Tambi\u00e9n proporcionamos detalles de alojamiento en hoteles de La Rioja.<\/p>\n\n<p>Si tiene alguna pregunta en relaci\u00f3n con esta pol\u00edtica de privacidad o con la forma en que utilizamos sus datos personales, deber\u00e1 enviarla o dirigirse al responsable de protecci\u00f3n de datos, Yorkshire Dales, 35 Cowpasture Road, Ilkley LS29 8SY.<\/p>\n\n<h2 class=\"wp-block-heading\">\u00bfQu\u00e9 datos personales recogemos?<\/h2>\n\n<p>Sus datos personales (cualquier informaci\u00f3n que le identifique a efectos de comunicaci\u00f3n, por ejemplo, nombre, nombre de usuario y direcci\u00f3n de correo electr\u00f3nico) ser\u00e1n recogidos y utilizados por nosotros. S\u00f3lo recogeremos los datos personales que necesitemos.<\/p>\n\n<p>Puede facilitarnos sus datos personales registr\u00e1ndose para utilizar nuestro sitio web (suscribi\u00e9ndose) y\/o optando por recibir nuestros boletines electr\u00f3nicos.<\/p>\n\n<p>Estos datos personales que nos facilita pueden incluir nombre, cargo, direcci\u00f3n de correo electr\u00f3nico.<\/p>\n\n<h2 class=\"wp-block-heading\">Datos personales facilitados por usted<\/h2>\n\n<p>Esto incluye la informaci\u00f3n que usted proporciona cuando interact\u00faa con nosotros. Por ejemplo:<\/p>\n\n<ul class=\"wp-block-list\">\n<li>Datos personales (nombre, correo electr\u00f3nico, nombre de usuario, etc.) al ponerse en contacto con nosotros a trav\u00e9s de nuestro formulario de consulta<\/li>\n\n\n\n<li>Sus opiniones y actitudes sobre www.lariojahoteles.com, actividades e intereses, y sus experiencias en nuestro sitio web<\/li>\n<\/ul>\n\n<p>Podemos recopilar autom\u00e1ticamente la siguiente informaci\u00f3n:<\/p>\n\n<ul class=\"wp-block-list\">\n<li>Informaci\u00f3n t\u00e9cnica, incluida la direcci\u00f3n de protocolo de Internet (IP) utilizada para conectar su ordenador a Internet, sus datos de acceso, el tipo y la versi\u00f3n del navegador, la configuraci\u00f3n de la zona horaria, los tipos y versiones de los complementos del navegador, el sistema operativo y la plataforma; si accede a nuestro sitio web a trav\u00e9s de un dispositivo m\u00f3vil, recopilaremos el identificador \u00fanico de su tel\u00e9fono.<\/li>\n\n\n\n<li>Informaci\u00f3n sobre su visita, incluidos, entre otros, los localizadores uniformes de recursos (URL) completos y la cadena de consulta, la secuencia de clics hacia, a trav\u00e9s y desde nuestro sitio web (incluidas la fecha y la hora), los productos que ha visto o buscado, los tiempos de respuesta de la p\u00e1gina, los errores de descarga, la duraci\u00f3n de las visitas a determinadas p\u00e1ginas, la informaci\u00f3n sobre la interacci\u00f3n con la p\u00e1gina (como, entre otros, el desplazamiento, los clics y el paso del rat\u00f3n), los m\u00e9todos utilizados para salir de la p\u00e1gina y cualquier n\u00famero de tel\u00e9fono utilizado para llamar a nuestro servicio de atenci\u00f3n al cliente.<\/li>\n\n\n\n<li>Los t\u00e9rminos que utiliza para buscar en nuestro sitio web<\/li>\n<\/ul>\n\n<h2 class=\"wp-block-heading\">Informaci\u00f3n que generamos<\/h2>\n\n<p>Llevamos a cabo investigaciones y an\u00e1lisis sobre la informaci\u00f3n que poseemos, lo que a su vez puede generar datos personales. Por ejemplo, analizando sus opiniones en cualquiera de nuestras encuestas, sus intereses y su participaci\u00f3n en nuestro trabajo, podemos elaborar un perfil que nos ayude a decidir cu\u00e1les de nuestras comunicaciones pueden interesarle. En las secciones Investigaci\u00f3n y elaboraci\u00f3n de perfiles se explica con m\u00e1s detalle c\u00f3mo utilizamos la informaci\u00f3n para la elaboraci\u00f3n de perfiles y la publicidad dirigida, lo que incluye ofrecerle contenidos digitales m\u00e1s relevantes.<\/p>\n\n<h2 class=\"wp-block-heading\">Informaci\u00f3n de terceros<\/h2>\n\n<p>No compramos, utilizamos ni vendemos informaci\u00f3n sobre usted a terceros.<\/p>\n\n<h2 class=\"wp-block-heading\">Datos personales sensibles<\/h2>\n\n<p>S\u00f3lo recogemos y conservamos la informaci\u00f3n mencionada anteriormente (por ejemplo, nombre, nombre de usuario, direcci\u00f3n de correo electr\u00f3nico).<\/p>\n\n<h2 class=\"wp-block-heading\">C\u00f3mo utilizamos sus datos personales<\/h2>\n\n<p>Solo utilizaremos sus datos personales por motivos legales pertinentes, seg\u00fan lo permitido por el Reglamento general de protecci\u00f3n de datos de la UE (a partir del 25 de mayo de 2018)\/la Ley de protecci\u00f3n de datos del Reino Unido y el Reglamento de privacidad de las comunicaciones electr\u00f3nicas.<\/p>\n\n<p>Los datos personales que se nos faciliten se utilizar\u00e1n para el fin o los fines indicados en cualquier aviso de tratamiento leal de forma transparente en el momento de su recogida o registro, en su caso, de acuerdo con las preferencias que usted manifieste. Si nos lo pide la polic\u00eda o cualquier otra autoridad reguladora o gubernamental que investigue presuntas actividades ilegales, es posible que tengamos que facilitarle sus datos personales.<\/p>\n\n<p>Sus datos personales pueden ser recogidos y utilizados para ayudarnos a llevar a cabo nuestras actividades, ayudarnos a ofrecer contenidos \u00fatiles y relevantes en el sitio web y en las redes sociales.<\/p>\n\n<h2 class=\"wp-block-heading\">Comunicaciones de marketing<\/h2>\n\n<p>Su privacidad es importante para nosotros, por lo que siempre mantendremos sus datos seguros. Nos gustar\u00eda utilizar tus datos para mantenernos en contacto sobre asuntos que puedan interesarte.<\/p>\n\n<p>Si decide recibir noticias nuestras, podemos enviarle informaci\u00f3n basada en lo que sea m\u00e1s relevante para usted o en lo que nos haya dicho que le gusta. Tambi\u00e9n podemos mostrarle contenidos relevantes en l\u00ednea.<\/p>\n\n<p>S\u00f3lo te los enviaremos si aceptas recibirlos y nunca compartiremos tus datos con empresas ajenas a www.lariojahoteles.com para incluirlos en sus campa\u00f1as de marketing. (No obstante, podemos compartir los datos de las cookies con terceros para que nos ayuden a segmentar nuestra publicidad). Si acepta recibir informaci\u00f3n comercial de nuestra parte, puede cambiar de opini\u00f3n m\u00e1s adelante.<\/p>\n\n<p>Sin embargo, si nos dice que no desea recibir comunicaciones de marketing, es posible que no reciba informaci\u00f3n sobre eventos u otras actividades que realicemos que puedan ser de su inter\u00e9s.<\/p>\n\n<p>A veces podemos utilizar a terceros para capturar algunos de nuestros datos en nuestro nombre, pero solo cuando confiamos en que el tercero tratar\u00e1 sus datos de forma segura, de acuerdo con nuestros t\u00e9rminos y en l\u00ednea con los requisitos establecidos en el GDPR.<\/p>\n\n<h2 class=\"wp-block-heading\">\u00bfC\u00f3mo puedo cambiar mis preferencias de contacto?<\/h2>\n\n<p>Siempre actuaremos de acuerdo con su elecci\u00f3n de c\u00f3mo desea recibir las comunicaciones (por ejemplo, por correo electr\u00f3nico). El correo electr\u00f3nico es nuestro medio por defecto para comunicarnos con usted y no deber\u00edamos necesitar hacerlo de ninguna otra forma.<\/p>\n\n<h2 class=\"wp-block-heading\">Perfil<\/h2>\n\n<p>Sabemos que para los usuarios es importante utilizar nuestros recursos de forma responsable y rentable. Por eso utilizamos perfiles y objetivos automatizados que nos ayudan a comprender a nuestros usuarios y a asegurarnos de que:<\/p>\n\n<ul class=\"wp-block-list\">\n<li>nuestras comunicaciones (por ejemplo, correos electr\u00f3nicos) y servicios (por ejemplo, nuestro sitio web) sean pertinentes, personalizados e interesantes para usted.<\/li>\n\n\n\n<li>s\u00f3lo le pedimos m\u00e1s apoyo y ayuda si es apropiado<\/li>\n\n\n\n<li>utilizamos nuestros recursos de forma responsable y mantenemos los costes bajos<\/li>\n<\/ul>\n\n<p>Para ello analizaremos c\u00f3mo interact\u00faa con nosotros y utilizaremos informaci\u00f3n geogr\u00e1fica y demogr\u00e1fica para informarle de lo que ocurre en su localidad y conocer sus intereses.<\/p>\n\n<p>Utilizamos herramientas espec\u00edficas para perfilar c\u00f3mo interact\u00faa con nosotros en l\u00ednea, por ejemplo, Google Analytics. Utilizamos Google Analytics para recopilar informaci\u00f3n sobre el uso de nuestro sitio web. Gran parte de la informaci\u00f3n que recopilamos es agregada, pero tambi\u00e9n podemos recopilar algunos datos personales para personalizar su experiencia, optimizar nuestras campa\u00f1as de marketing y garantizar que el sitio funciona seg\u00fan lo previsto.<\/p>\n\n<h2 class=\"wp-block-heading\">Responsabilidades legales y de gesti\u00f3n<\/h2>\n\n<p><strong>Responsabilidades<\/strong> estatutarias: Nuestras responsabilidades estatutarias son las que la ley impone a la organizaci\u00f3n como empleador. Los datos tratados para cumplir con las responsabilidades legales incluyen, entre otros, los relativos a: impuestos, seguros nacionales, subsidio legal por enfermedad, subsidio legal por maternidad, permisos familiares, permisos de trabajo, control de la igualdad de oportunidades.<\/p>\n\n<p><strong>Responsabilidades<\/strong> de gesti\u00f3n: Nuestras responsabilidades de gesti\u00f3n son las necesarias para el funcionamiento organizativo de la organizaci\u00f3n. Los datos tratados para cumplir las responsabilidades de gesti\u00f3n incluyen, entre otros, los relativos a: contrataci\u00f3n y empleo, formaci\u00f3n y desarrollo, ausencias, asuntos disciplinarios, direcci\u00f3n de correo electr\u00f3nico y n\u00famero de tel\u00e9fono.<\/p>\n\n<h2 class=\"wp-block-heading\">Datos personales sensibles<\/h2>\n\n<p>La Ley define los \u00abdatos personales sensibles\u00bb como informaci\u00f3n sobre el origen racial o \u00e9tnico, las opiniones pol\u00edticas, las creencias religiosas u otras creencias similares, la afiliaci\u00f3n sindical, la salud f\u00edsica o mental, la vida sexual y las acusaciones, procedimientos o condenas penales.<\/p>\n\n<h2 class=\"wp-block-heading\">Cookies del navegador web<\/h2>\n\n<p>Nuestro sitio puede utilizar \u00abcookies\u00bb para mejorar la experiencia del usuario. El navegador web del usuario coloca cookies en su disco duro con fines de registro y, a veces, para rastrear informaci\u00f3n sobre \u00e9l. El usuario puede optar por configurar su navegador para que rechace las cookies o para que le avise cuando se env\u00eden cookies. Si lo hacen, tenga en cuenta que algunas partes del Sitio pueden no funcionar correctamente.<\/p>\n\n<h2 class=\"wp-block-heading\">Actualizaci\u00f3n de sus datos y preferencias comerciales<\/h2>\n\n<p>Queremos que siga teniendo el control de sus datos personales. Si, en cualquier momento, desea actualizar o modificar sus datos personales o preferencias de marketing, p\u00f3ngase en contacto con nosotros enviando un correo electr\u00f3nico a: <a href=\"mailto:info@lariojahoteles.com\">info@lariojahoteles.com<\/a>.<\/p>\n","protected":false},"excerpt":{"rendered":"<p>Pol\u00edtica de privacidad \u00abNosotros\u00bb significa www.lariojahoteles.com La privacidad y seguridad de su informaci\u00f3n personal es extremadamente importante para nosotros. Esta pol\u00edtica de privacidad explica c\u00f3mo y por qu\u00e9 utilizamos sus datos personales, para asegurarnos de que est\u00e1 informado y de que puede confiar al darnos su informaci\u00f3n. Mantendremos esta p\u00e1gina actualizada para mostrarle todo lo &hellip;<\/p>\n<p class=\"read-more\"> <a class=\"\" href=\"https:\/\/lariojahoteles.com\/es\/politica-de-privacidad\/\"> <span class=\"screen-reader-text\">Pol\u00edtica de privacidad<\/span> Leer m\u00e1s \u00bb<\/a><\/p>\n","protected":false},"author":1,"featured_media":0,"parent":0,"menu_order":0,"comment_status":"closed","ping_status":"open","template":"","meta":{"_uag_custom_page_level_css":"","site-sidebar-layout":"default","site-content-layout":"","ast-site-content-layout":"","site-content-style":"default","site-sidebar-style":"default","ast-global-header-display":"","ast-banner-title-visibility":"","ast-main-header-display":"","ast-hfb-above-header-display":"","ast-hfb-below-header-display":"","ast-hfb-mobile-header-display":"","site-post-title":"","ast-breadcrumbs-content":"","ast-featured-img":"","footer-sml-layout":"","theme-transparent-header-meta":"","adv-header-id-meta":"","stick-header-meta":"","header-above-stick-meta":"","header-main-stick-meta":"","header-below-stick-meta":"","astra-migrate-meta-layouts":"","footnotes":""},"class_list":["post-2443","page","type-page","status-publish","hentry"],"yoast_head":"<!-- This site is optimized with the Yoast SEO plugin v21.5 - https:\/\/yoast.com\/wordpress\/plugins\/seo\/ -->\n<title>Pol\u00edtica de privacidad - La Rioja Hotels<\/title>\n<meta name=\"robots\" content=\"index, follow, max-snippet:-1, max-image-preview:large, max-video-preview:-1\" \/>\n<link rel=\"canonical\" href=\"https:\/\/lariojahoteles.com\/es\/politica-de-privacidad\/\" \/>\n<meta property=\"og:locale\" content=\"es_ES\" \/>\n<meta property=\"og:type\" content=\"article\" \/>\n<meta property=\"og:title\" content=\"Pol\u00edtica de privacidad - La Rioja Hotels\" \/>\n<meta property=\"og:description\" content=\"Pol\u00edtica de privacidad \u00abNosotros\u00bb significa www.lariojahoteles.com La privacidad y seguridad de su informaci\u00f3n personal es extremadamente importante para nosotros. Esta pol\u00edtica de privacidad explica c\u00f3mo y por qu\u00e9 utilizamos sus datos personales, para asegurarnos de que est\u00e1 informado y de que puede confiar al darnos su informaci\u00f3n. Mantendremos esta p\u00e1gina actualizada para mostrarle todo lo &hellip; Pol\u00edtica de privacidad Leer m\u00e1s \u00bb\" \/>\n<meta property=\"og:url\" content=\"https:\/\/lariojahoteles.com\/es\/politica-de-privacidad\/\" \/>\n<meta property=\"og:site_name\" content=\"La Rioja Hotels\" \/>\n<meta property=\"article:modified_time\" content=\"2023-11-01T15:39:37+00:00\" \/>\n<meta name=\"twitter:card\" content=\"summary_large_image\" \/>\n<meta name=\"twitter:label1\" content=\"Tiempo de lectura\" \/>\n\t<meta name=\"twitter:data1\" content=\"8 minutos\" \/>\n<script type=\"application\/ld+json\" class=\"yoast-schema-graph\">{\"@context\":\"https:\/\/schema.org\",\"@graph\":[{\"@type\":\"WebPage\",\"@id\":\"https:\/\/lariojahoteles.com\/es\/politica-de-privacidad\/\",\"url\":\"https:\/\/lariojahoteles.com\/es\/politica-de-privacidad\/\",\"name\":\"Pol\u00edtica de privacidad - La Rioja Hotels\",\"isPartOf\":{\"@id\":\"https:\/\/lariojahoteles.com\/es\/#website\"},\"datePublished\":\"2023-10-12T10:38:29+00:00\",\"dateModified\":\"2023-11-01T15:39:37+00:00\",\"breadcrumb\":{\"@id\":\"https:\/\/lariojahoteles.com\/es\/politica-de-privacidad\/#breadcrumb\"},\"inLanguage\":\"es\",\"potentialAction\":[{\"@type\":\"ReadAction\",\"target\":[\"https:\/\/lariojahoteles.com\/es\/politica-de-privacidad\/\"]}]},{\"@type\":\"BreadcrumbList\",\"@id\":\"https:\/\/lariojahoteles.com\/es\/politica-de-privacidad\/#breadcrumb\",\"itemListElement\":[{\"@type\":\"ListItem\",\"position\":1,\"name\":\"Home\",\"item\":\"https:\/\/lariojahoteles.com\/es\/\"},{\"@type\":\"ListItem\",\"position\":2,\"name\":\"Pol\u00edtica de privacidad\"}]},{\"@type\":\"WebSite\",\"@id\":\"https:\/\/lariojahoteles.com\/es\/#website\",\"url\":\"https:\/\/lariojahoteles.com\/es\/\",\"name\":\"La Rioja Hotels\",\"description\":\"\",\"publisher\":{\"@id\":\"https:\/\/lariojahoteles.com\/es\/#organization\"},\"potentialAction\":[{\"@type\":\"SearchAction\",\"target\":{\"@type\":\"EntryPoint\",\"urlTemplate\":\"https:\/\/lariojahoteles.com\/es\/?s={search_term_string}\"},\"query-input\":\"required name=search_term_string\"}],\"inLanguage\":\"es\"},{\"@type\":\"Organization\",\"@id\":\"https:\/\/lariojahoteles.com\/es\/#organization\",\"name\":\"La Rioja Hotels\",\"url\":\"https:\/\/lariojahoteles.com\/es\/\",\"logo\":{\"@type\":\"ImageObject\",\"inLanguage\":\"es\",\"@id\":\"https:\/\/lariojahoteles.com\/es\/#\/schema\/logo\/image\/\",\"url\":\"https:\/\/lariojahoteles.com\/wp-content\/uploads\/2023\/10\/hotel-icon.png\",\"contentUrl\":\"https:\/\/lariojahoteles.com\/wp-content\/uploads\/2023\/10\/hotel-icon.png\",\"width\":349,\"height\":420,\"caption\":\"La Rioja Hotels\"},\"image\":{\"@id\":\"https:\/\/lariojahoteles.com\/es\/#\/schema\/logo\/image\/\"}}]}<\/script>\n<!-- \/ Yoast SEO plugin. -->","yoast_head_json":{"title":"Pol\u00edtica de privacidad - La Rioja Hotels","robots":{"index":"index","follow":"follow","max-snippet":"max-snippet:-1","max-image-preview":"max-image-preview:large","max-video-preview":"max-video-preview:-1"},"canonical":"https:\/\/lariojahoteles.com\/es\/politica-de-privacidad\/","og_locale":"es_ES","og_type":"article","og_title":"Pol\u00edtica de privacidad - La Rioja Hotels","og_description":"Pol\u00edtica de privacidad \u00abNosotros\u00bb significa www.lariojahoteles.com La privacidad y seguridad de su informaci\u00f3n personal es extremadamente importante para nosotros. Esta pol\u00edtica de privacidad explica c\u00f3mo y por qu\u00e9 utilizamos sus datos personales, para asegurarnos de que est\u00e1 informado y de que puede confiar al darnos su informaci\u00f3n. Mantendremos esta p\u00e1gina actualizada para mostrarle todo lo &hellip; Pol\u00edtica de privacidad Leer m\u00e1s \u00bb","og_url":"https:\/\/lariojahoteles.com\/es\/politica-de-privacidad\/","og_site_name":"La Rioja Hotels","article_modified_time":"2023-11-01T15:39:37+00:00","twitter_card":"summary_large_image","twitter_misc":{"Tiempo de lectura":"8 minutos"},"schema":{"@context":"https:\/\/schema.org","@graph":[{"@type":"WebPage","@id":"https:\/\/lariojahoteles.com\/es\/politica-de-privacidad\/","url":"https:\/\/lariojahoteles.com\/es\/politica-de-privacidad\/","name":"Pol\u00edtica de privacidad - La Rioja Hotels","isPartOf":{"@id":"https:\/\/lariojahoteles.com\/es\/#website"},"datePublished":"2023-10-12T10:38:29+00:00","dateModified":"2023-11-01T15:39:37+00:00","breadcrumb":{"@id":"https:\/\/lariojahoteles.com\/es\/politica-de-privacidad\/#breadcrumb"},"inLanguage":"es","potentialAction":[{"@type":"ReadAction","target":["https:\/\/lariojahoteles.com\/es\/politica-de-privacidad\/"]}]},{"@type":"BreadcrumbList","@id":"https:\/\/lariojahoteles.com\/es\/politica-de-privacidad\/#breadcrumb","itemListElement":[{"@type":"ListItem","position":1,"name":"Home","item":"https:\/\/lariojahoteles.com\/es\/"},{"@type":"ListItem","position":2,"name":"Pol\u00edtica de privacidad"}]},{"@type":"WebSite","@id":"https:\/\/lariojahoteles.com\/es\/#website","url":"https:\/\/lariojahoteles.com\/es\/","name":"La Rioja Hotels","description":"","publisher":{"@id":"https:\/\/lariojahoteles.com\/es\/#organization"},"potentialAction":[{"@type":"SearchAction","target":{"@type":"EntryPoint","urlTemplate":"https:\/\/lariojahoteles.com\/es\/?s={search_term_string}"},"query-input":"required name=search_term_string"}],"inLanguage":"es"},{"@type":"Organization","@id":"https:\/\/lariojahoteles.com\/es\/#organization","name":"La Rioja Hotels","url":"https:\/\/lariojahoteles.com\/es\/","logo":{"@type":"ImageObject","inLanguage":"es","@id":"https:\/\/lariojahoteles.com\/es\/#\/schema\/logo\/image\/","url":"https:\/\/lariojahoteles.com\/wp-content\/uploads\/2023\/10\/hotel-icon.png","contentUrl":"https:\/\/lariojahoteles.com\/wp-content\/uploads\/2023\/10\/hotel-icon.png","width":349,"height":420,"caption":"La Rioja Hotels"},"image":{"@id":"https:\/\/lariojahoteles.com\/es\/#\/schema\/logo\/image\/"}}]}},"uagb_featured_image_src":{"full":false,"thumbnail":false,"medium":false,"medium_large":false,"large":false,"1536x1536":false,"2048x2048":false},"uagb_author_info":{"display_name":"admin","author_link":"https:\/\/lariojahoteles.com\/es\/author\/lariojahoteles\/"},"uagb_comment_info":0,"uagb_excerpt":"Pol\u00edtica de privacidad \u00abNosotros\u00bb significa www.lariojahoteles.com La privacidad y seguridad de su informaci\u00f3n personal es extremadamente importante para nosotros. Esta pol\u00edtica de privacidad explica c\u00f3mo y por qu\u00e9 utilizamos sus datos personales, para asegurarnos de que est\u00e1 informado y de que puede confiar al darnos su informaci\u00f3n. Mantendremos esta p\u00e1gina actualizada para mostrarle todo lo&hellip;","_links":{"self":[{"href":"https:\/\/lariojahoteles.com\/es\/wp-json\/wp\/v2\/pages\/2443","targetHints":{"allow":["GET"]}}],"collection":[{"href":"https:\/\/lariojahoteles.com\/es\/wp-json\/wp\/v2\/pages"}],"about":[{"href":"https:\/\/lariojahoteles.com\/es\/wp-json\/wp\/v2\/types\/page"}],"author":[{"embeddable":true,"href":"https:\/\/lariojahoteles.com\/es\/wp-json\/wp\/v2\/users\/1"}],"replies":[{"embeddable":true,"href":"https:\/\/lariojahoteles.com\/es\/wp-json\/wp\/v2\/comments?post=2443"}],"version-history":[{"count":1,"href":"https:\/\/lariojahoteles.com\/es\/wp-json\/wp\/v2\/pages\/2443\/revisions"}],"predecessor-version":[{"id":2444,"href":"https:\/\/lariojahoteles.com\/es\/wp-json\/wp\/v2\/pages\/2443\/revisions\/2444"}],"wp:attachment":[{"href":"https:\/\/lariojahoteles.com\/es\/wp-json\/wp\/v2\/media?parent=2443"}],"curies":[{"name":"wp","href":"https:\/\/api.w.org\/{rel}","templated":true}]}}